{"id":32,"date":"2020-09-01T11:36:03","date_gmt":"2020-09-01T09:36:03","guid":{"rendered":"http:\/\/expe-smarthouse.duckdns.org\/?page_id=32"},"modified":"2024-04-29T13:53:31","modified_gmt":"2024-04-29T11:53:31","slug":"les-donnees","status":"publish","type":"page","link":"https:\/\/expe-smarthouse.org\/index.php\/les-donnees\/","title":{"rendered":"Les donn\u00e9es"},"content":{"rendered":"\n<p>Les donn\u00e9es g\u00e9n\u00e9r\u00e9es par la plateforme Expe-smarthouse peuvent \u00eatre mise \u00e0 disposition du monde scientifique sous plusieurs formes en fonction du besoin: <\/p>\n\n\n\n<ul class=\"wp-block-list\">\n<li>Un acc\u00e8s personnalis\u00e9 au grafana de la plateforme<\/li>\n\n\n\n<li>Un acc\u00e8s personnalis\u00e9 \u00e0 la base influxDB de la plateforme<\/li>\n\n\n\n<li>Un envoi d&#8217;un CSV des donn\u00e9es demand\u00e9es<\/li>\n<\/ul>\n\n\n\n<p>Ici un exemple d&#8217;un acc\u00e8s au grafana<\/p>\n\n\n\n<figure class=\"wp-block-image size-large\"><img loading=\"lazy\" decoding=\"async\" width=\"1024\" height=\"488\" src=\"http:\/\/expe-smarthouse.org\/wp-content\/uploads\/2024\/04\/image-3-1-1-1024x488.png\" alt=\"\" class=\"wp-image-205\" srcset=\"https:\/\/expe-smarthouse.org\/wp-content\/uploads\/2024\/04\/image-3-1-1-1024x488.png 1024w, https:\/\/expe-smarthouse.org\/wp-content\/uploads\/2024\/04\/image-3-1-1-300x143.png 300w, https:\/\/expe-smarthouse.org\/wp-content\/uploads\/2024\/04\/image-3-1-1-768x366.png 768w, https:\/\/expe-smarthouse.org\/wp-content\/uploads\/2024\/04\/image-3-1-1-1536x732.png 1536w, https:\/\/expe-smarthouse.org\/wp-content\/uploads\/2024\/04\/image-3-1-1.png 1913w\" sizes=\"auto, (max-width: 1024px) 100vw, 1024px\" \/><\/figure>\n\n\n\n<p>Les demandes sont \u00e0 faire un niveau de la page <a href=\"http:\/\/expe-smarthouse.duckdns.org\/?page_id=48&amp;lang=fr\">Contact<\/a><\/p>\n","protected":false},"excerpt":{"rendered":"<p>Les donn\u00e9es g\u00e9n\u00e9r\u00e9es par la plateforme Expe-smarthouse peuvent \u00eatre mise \u00e0 disposition du monde scientifique sous plusieurs formes en fonction du besoin: Ici un exemple d&#8217;un acc\u00e8s au grafana Les demandes sont \u00e0 faire un niveau de la page Contact<\/p>\n","protected":false},"author":2,"featured_media":0,"parent":0,"menu_order":0,"comment_status":"closed","ping_status":"closed","template":"","meta":{"footnotes":""},"class_list":["post-32","page","type-page","status-publish","hentry"],"_links":{"self":[{"href":"https:\/\/expe-smarthouse.org\/index.php\/wp-json\/wp\/v2\/pages\/32","targetHints":{"allow":["GET"]}}],"collection":[{"href":"https:\/\/expe-smarthouse.org\/index.php\/wp-json\/wp\/v2\/pages"}],"about":[{"href":"https:\/\/expe-smarthouse.org\/index.php\/wp-json\/wp\/v2\/types\/page"}],"author":[{"embeddable":true,"href":"https:\/\/expe-smarthouse.org\/index.php\/wp-json\/wp\/v2\/users\/2"}],"replies":[{"embeddable":true,"href":"https:\/\/expe-smarthouse.org\/index.php\/wp-json\/wp\/v2\/comments?post=32"}],"version-history":[{"count":2,"href":"https:\/\/expe-smarthouse.org\/index.php\/wp-json\/wp\/v2\/pages\/32\/revisions"}],"predecessor-version":[{"id":206,"href":"https:\/\/expe-smarthouse.org\/index.php\/wp-json\/wp\/v2\/pages\/32\/revisions\/206"}],"wp:attachment":[{"href":"https:\/\/expe-smarthouse.org\/index.php\/wp-json\/wp\/v2\/media?parent=32"}],"curies":[{"name":"wp","href":"https:\/\/api.w.org\/{rel}","templated":true}]}}